{"id":4736,"date":"2026-03-27T12:36:35","date_gmt":"2026-03-27T11:36:35","guid":{"rendered":"https:\/\/filmotecacantabria.es\/es\/?page_id=4736"},"modified":"2026-03-27T13:12:19","modified_gmt":"2026-03-27T12:12:19","slug":"accesibilidad","status":"publish","type":"page","link":"https:\/\/filmotecacantabria.es\/es\/accesibilidad\/","title":{"rendered":"Accesibilidad"},"content":{"rendered":"<h1 data-section-id=\"b16pbx\" data-start=\"321\" data-end=\"351\">Declaraci\u00f3n de Accesibilidad<\/h1>\n<p data-start=\"353\" data-end=\"633\">La <strong data-start=\"356\" data-end=\"414\">Sociedad Regional de Educaci\u00f3n, Cultura y Deporte S.L.<\/strong> se ha comprometido a hacer accesible su sitio web de conformidad con el <strong data-start=\"487\" data-end=\"533\">Real Decreto 1112\/2018, de 7 de septiembre<\/strong>, sobre accesibilidad de los sitios web y aplicaciones para dispositivos m\u00f3viles del sector p\u00fablico.<\/p>\n<p data-start=\"635\" data-end=\"735\">La presente declaraci\u00f3n de accesibilidad se aplica al sitio web: <a class=\"decorated-link\" href=\"https:\/\/filmotecacantabria.es\/\" target=\"_new\" rel=\"noopener\" data-start=\"705\" data-end=\"735\">https:\/\/filmotecacantabria.es\/<\/a><\/p>\n<h2 data-section-id=\"4kbcs3\" data-start=\"742\" data-end=\"770\">Situaci\u00f3n de cumplimiento<\/h2>\n<p data-start=\"772\" data-end=\"929\">Este sitio web es <strong data-start=\"790\" data-end=\"815\">parcialmente conforme<\/strong> con el Real Decreto 1112\/2018 debido a la falta de conformidad de algunos aspectos que se indican a continuaci\u00f3n.<\/p>\n<h2 data-section-id=\"wtx52m\" data-start=\"936\" data-end=\"961\">Contenido no accesible<\/h2>\n<p data-start=\"963\" data-end=\"1048\">El contenido que se recoge a continuaci\u00f3n no es accesible por los siguientes motivos:<\/p>\n<h3 data-section-id=\"4r8w2f\" data-start=\"1050\" data-end=\"1097\">a) Falta de conformidad con el RD 1112\/2018<\/h3>\n<ul data-start=\"1099\" data-end=\"1440\">\n<li data-section-id=\"5gbp7i\" data-start=\"1099\" data-end=\"1183\">Puede existir contenido gr\u00e1fico o no textual sin una alternativa textual adecuada.<\/li>\n<li data-section-id=\"1gu0w9d\" data-start=\"1184\" data-end=\"1245\">Algunos enlaces pueden no ser suficientemente descriptivos.<\/li>\n<li data-section-id=\"15pp74w\" data-start=\"1246\" data-end=\"1321\">Podr\u00edan existir encabezados con una estructura no completamente correcta.<\/li>\n<li data-section-id=\"890wa2\" data-start=\"1322\" data-end=\"1440\">Determinados elementos pueden no cumplir completamente con los criterios de contraste o navegaci\u00f3n mediante teclado.<\/li>\n<\/ul>\n<h3 data-section-id=\"1udcug6\" data-start=\"1442\" data-end=\"1471\">b) Carga desproporcionada<\/h3>\n<p data-start=\"1473\" data-end=\"1483\">No aplica.<\/p>\n<h3 data-section-id=\"1emx6ud\" data-start=\"1485\" data-end=\"1536\">c) Contenido fuera del \u00e1mbito de la legislaci\u00f3n<\/h3>\n<ul data-start=\"1538\" data-end=\"1696\">\n<li data-section-id=\"t53r1q\" data-start=\"1538\" data-end=\"1696\">Existen documentos ofim\u00e1ticos o archivos publicados antes del <strong data-start=\"1602\" data-end=\"1630\">20 de septiembre de 2018<\/strong> que pueden no cumplir totalmente los requisitos de accesibilidad.<\/li>\n<\/ul>\n<h2 data-section-id=\"1ec19ny\" data-start=\"1703\" data-end=\"1761\">Preparaci\u00f3n de la presente declaraci\u00f3n de accesibilidad<\/h2>\n<p data-start=\"1763\" data-end=\"1828\">La presente declaraci\u00f3n fue preparada el <strong data-start=\"1804\" data-end=\"1827\">25 de marzo de 2025<\/strong>.<\/p>\n<p data-start=\"1830\" data-end=\"1934\">El m\u00e9todo empleado para su elaboraci\u00f3n ha sido una <strong data-start=\"1881\" data-end=\"1899\">autoevaluaci\u00f3n<\/strong> realizada por el propio organismo.<\/p>\n<h2 data-section-id=\"1m9lpks\" data-start=\"1941\" data-end=\"1977\">Observaciones y datos de contacto<\/h2>\n<p data-start=\"1979\" data-end=\"2061\">Puede realizar comunicaciones sobre requisitos de accesibilidad como, por ejemplo:<\/p>\n<ul data-start=\"2063\" data-end=\"2217\">\n<li data-section-id=\"usi4da\" data-start=\"2063\" data-end=\"2105\">Informar sobre posibles incumplimientos.<\/li>\n<li data-section-id=\"19jkz4z\" data-start=\"2106\" data-end=\"2155\">Transmitir dificultades de acceso al contenido.<\/li>\n<li data-section-id=\"gbxv18\" data-start=\"2156\" data-end=\"2217\">Formular sugerencias de mejora en materia de accesibilidad.<\/li>\n<\/ul>\n<p data-start=\"2219\" data-end=\"2245\">Puede hacerlo a trav\u00e9s de:<\/p>\n<ul>\n<li data-start=\"2247\" data-end=\"2312\">Correo electr\u00f3nico: <a class=\"decorated-link cursor-pointer\" href=\"mailto:info@srecd.es\" rel=\"noopener\" data-start=\"2270\" data-end=\"2283\">info@srecd.es<\/a><\/li>\n<li data-start=\"2247\" data-end=\"2312\">Tel\u00e9fono: 942 20 84 53<\/li>\n<\/ul>\n<h2 data-section-id=\"4071fa\" data-start=\"2319\" data-end=\"2367\">Solicitudes de informaci\u00f3n accesible y quejas<\/h2>\n<p data-start=\"2369\" data-end=\"2493\">Puede solicitar en formato accesible la informaci\u00f3n que no cumpla con los requisitos de accesibilidad o presentar una queja.<\/p>\n<p data-start=\"2495\" data-end=\"2514\">Se podr\u00e1 presentar:<\/p>\n<ul data-start=\"2516\" data-end=\"2755\">\n<li data-section-id=\"19anfbc\" data-start=\"2516\" data-end=\"2575\">Una <strong data-start=\"2522\" data-end=\"2531\">queja<\/strong> relativa al cumplimiento de los requisitos.<\/li>\n<li data-section-id=\"1ur5mjq\" data-start=\"2576\" data-end=\"2755\">Una <strong data-start=\"2582\" data-end=\"2620\">solicitud de informaci\u00f3n accesible<\/strong> sobre:\n<ul data-start=\"2630\" data-end=\"2755\">\n<li data-section-id=\"12frpwe\" data-start=\"2630\" data-end=\"2705\">Contenidos excluidos del \u00e1mbito de aplicaci\u00f3n del RD 1112\/2018 (art. 3.4)<\/li>\n<li data-section-id=\"952wd8\" data-start=\"2708\" data-end=\"2755\">Contenidos exentos por carga desproporcionada<\/li>\n<\/ul>\n<\/li>\n<\/ul>\n<p data-start=\"2757\" data-end=\"2805\">En la solicitud deber\u00e1 especificarse claramente:<\/p>\n<ul data-start=\"2807\" data-end=\"2847\">\n<li data-section-id=\"b1mrvm\" data-start=\"2807\" data-end=\"2819\">Los hechos<\/li>\n<li data-section-id=\"1j69lwo\" data-start=\"2820\" data-end=\"2833\">Las razones<\/li>\n<li data-section-id=\"tsj8be\" data-start=\"2834\" data-end=\"2847\">La petici\u00f3n<\/li>\n<\/ul>\n<p data-start=\"2849\" data-end=\"2912\">para que pueda considerarse una solicitud razonable y leg\u00edtima.<\/p>\n<h2 data-section-id=\"uvqujb\" data-start=\"2919\" data-end=\"2949\">Procedimiento de aplicaci\u00f3n<\/h2>\n<p data-start=\"2951\" data-end=\"3023\">Si una vez realizada una solicitud de informaci\u00f3n accesible o una queja:<\/p>\n<ul data-start=\"3025\" data-end=\"3169\">\n<li data-section-id=\"1wn6scg\" data-start=\"3025\" data-end=\"3048\">Ha sido desestimada<\/li>\n<li data-section-id=\"1x6x7v9\" data-start=\"3049\" data-end=\"3090\">No se est\u00e1 de acuerdo con la decisi\u00f3n<\/li>\n<li data-section-id=\"1l0cm11\" data-start=\"3091\" data-end=\"3169\">O la respuesta no cumple los requisitos del art\u00edculo 12.5 del RD 1112\/2018<\/li>\n<\/ul>\n<p data-start=\"3171\" data-end=\"3227\">la persona interesada podr\u00e1 iniciar una <strong data-start=\"3211\" data-end=\"3226\">reclamaci\u00f3n<\/strong>.<\/p>\n<p data-start=\"3229\" data-end=\"3474\">La reclamaci\u00f3n podr\u00e1 presentarse a trav\u00e9s de la sede electr\u00f3nica correspondiente, as\u00ed como mediante cualquiera de las v\u00edas recogidas en la <strong data-start=\"3368\" data-end=\"3473\">Ley 39\/2015, de 1 de octubre, del Procedimiento Administrativo Com\u00fan de las Administraciones P\u00fablicas<\/strong>.<\/p>\n<p data-start=\"3504\" data-end=\"3651\">La versi\u00f3n actualmente visible de este sitio web es de <strong data-start=\"3559\" data-end=\"3576\">marzo de 2026<\/strong>, fecha en la que se realiz\u00f3 la \u00faltima revisi\u00f3n del nivel de accesibilidad.<\/p>\n","protected":false},"excerpt":{"rendered":"<p>Declaraci\u00f3n de Accesibilidad La Sociedad Regional de Educaci\u00f3n, Cultura y Deporte S.L. se ha comprometido a hacer accesible su sitio web de conformidad con el Real Decreto 1112\/2018, de 7 de septiembre, sobre accesibilidad de los sitios web y aplicaciones para dispositivos m\u00f3viles del sector p\u00fablico. La presente declaraci\u00f3n de accesibilidad se aplica al sitio [&hellip;]<\/p>\n","protected":false},"author":4,"featured_media":0,"parent":0,"menu_order":0,"comment_status":"closed","ping_status":"closed","template":"","meta":{"inline_featured_image":false,"footnotes":""},"class_list":["post-4736","page","type-page","status-publish","hentry"],"yoast_head":"<!-- This site is optimized with the Yoast SEO plugin v19.6.1 - https:\/\/yoast.com\/wordpress\/plugins\/seo\/ -->\n<title>Accesibilidad - Filmoteca de Cantabria Mario Camus | Santander | Torrelavega | Regi\u00f3n<\/title>\n<meta name=\"robots\" content=\"index, follow, max-snippet:-1, max-image-preview:large, max-video-preview:-1\" \/>\n<link rel=\"canonical\" href=\"https:\/\/filmotecacantabria.es\/es\/accesibilidad\/\" \/>\n<meta property=\"og:locale\" content=\"es_ES\" \/>\n<meta property=\"og:type\" content=\"article\" \/>\n<meta property=\"og:title\" content=\"Accesibilidad - Filmoteca de Cantabria Mario Camus | Santander | Torrelavega | Regi\u00f3n\" \/>\n<meta property=\"og:description\" content=\"Declaraci\u00f3n de Accesibilidad La Sociedad Regional de Educaci\u00f3n, Cultura y Deporte S.L. se ha comprometido a hacer accesible su sitio web de conformidad con el Real Decreto 1112\/2018, de 7 de septiembre, sobre accesibilidad de los sitios web y aplicaciones para dispositivos m\u00f3viles del sector p\u00fablico. La presente declaraci\u00f3n de accesibilidad se aplica al sitio [&hellip;]\" \/>\n<meta property=\"og:url\" content=\"https:\/\/filmotecacantabria.es\/es\/accesibilidad\/\" \/>\n<meta property=\"og:site_name\" content=\"Filmoteca de Cantabria Mario Camus | Santander | Torrelavega | Regi\u00f3n\" \/>\n<meta property=\"article:modified_time\" content=\"2026-03-27T12:12:19+00:00\" \/>\n<meta name=\"twitter:card\" content=\"summary_large_image\" \/>\n<meta name=\"twitter:label1\" content=\"Tiempo de lectura\" \/>\n\t<meta name=\"twitter:data1\" content=\"3 minutos\" \/>\n<script type=\"application\/ld+json\" class=\"yoast-schema-graph\">{\"@context\":\"https:\/\/schema.org\",\"@graph\":[{\"@type\":\"WebPage\",\"@id\":\"https:\/\/filmotecacantabria.es\/es\/accesibilidad\/\",\"url\":\"https:\/\/filmotecacantabria.es\/es\/accesibilidad\/\",\"name\":\"Accesibilidad - Filmoteca de Cantabria Mario Camus | Santander | Torrelavega | Regi\u00f3n\",\"isPartOf\":{\"@id\":\"https:\/\/filmotecacantabria.es\/es\/#website\"},\"datePublished\":\"2026-03-27T11:36:35+00:00\",\"dateModified\":\"2026-03-27T12:12:19+00:00\",\"breadcrumb\":{\"@id\":\"https:\/\/filmotecacantabria.es\/es\/accesibilidad\/#breadcrumb\"},\"inLanguage\":\"es\",\"potentialAction\":[{\"@type\":\"ReadAction\",\"target\":[\"https:\/\/filmotecacantabria.es\/es\/accesibilidad\/\"]}]},{\"@type\":\"BreadcrumbList\",\"@id\":\"https:\/\/filmotecacantabria.es\/es\/accesibilidad\/#breadcrumb\",\"itemListElement\":[{\"@type\":\"ListItem\",\"position\":1,\"name\":\"Portada\",\"item\":\"https:\/\/filmotecacantabria.es\/es\/inicio\/\"},{\"@type\":\"ListItem\",\"position\":2,\"name\":\"Accesibilidad\"}]},{\"@type\":\"WebSite\",\"@id\":\"https:\/\/filmotecacantabria.es\/es\/#website\",\"url\":\"https:\/\/filmotecacantabria.es\/es\/\",\"name\":\"Filmoteca de Cantabria Mario Camus | Santander | Torrelavega | Regi\u00f3n\",\"description\":\"Toda la programaci\u00f3n de las filmotecas de Cantabria Mario Camus.\",\"publisher\":{\"@id\":\"https:\/\/filmotecacantabria.es\/es\/#organization\"},\"potentialAction\":[{\"@type\":\"SearchAction\",\"target\":{\"@type\":\"EntryPoint\",\"urlTemplate\":\"https:\/\/filmotecacantabria.es\/es\/?s={search_term_string}\"},\"query-input\":\"required name=search_term_string\"}],\"inLanguage\":\"es\"},{\"@type\":\"Organization\",\"@id\":\"https:\/\/filmotecacantabria.es\/es\/#organization\",\"name\":\"Filmoteca de Cantabria Mario Camus | Santander | Torrelavega | Regi\u00f3n\",\"url\":\"https:\/\/filmotecacantabria.es\/es\/\",\"sameAs\":[],\"logo\":{\"@type\":\"ImageObject\",\"inLanguage\":\"es\",\"@id\":\"https:\/\/filmotecacantabria.es\/es\/#\/schema\/logo\/image\/\",\"url\":\"https:\/\/filmotecacantabria.es\/es\/wp-content\/uploads\/2021\/12\/logo-filmoteca-cantabria-1-mario-camus.png\",\"contentUrl\":\"https:\/\/filmotecacantabria.es\/es\/wp-content\/uploads\/2021\/12\/logo-filmoteca-cantabria-1-mario-camus.png\",\"width\":170,\"height\":183,\"caption\":\"Filmoteca de Cantabria Mario Camus | Santander | Torrelavega | Regi\u00f3n\"},\"image\":{\"@id\":\"https:\/\/filmotecacantabria.es\/es\/#\/schema\/logo\/image\/\"}}]}<\/script>\n<!-- \/ Yoast SEO plugin. -->","yoast_head_json":{"title":"Accesibilidad - Filmoteca de Cantabria Mario Camus | Santander | Torrelavega | Regi\u00f3n","robots":{"index":"index","follow":"follow","max-snippet":"max-snippet:-1","max-image-preview":"max-image-preview:large","max-video-preview":"max-video-preview:-1"},"canonical":"https:\/\/filmotecacantabria.es\/es\/accesibilidad\/","og_locale":"es_ES","og_type":"article","og_title":"Accesibilidad - Filmoteca de Cantabria Mario Camus | Santander | Torrelavega | Regi\u00f3n","og_description":"Declaraci\u00f3n de Accesibilidad La Sociedad Regional de Educaci\u00f3n, Cultura y Deporte S.L. se ha comprometido a hacer accesible su sitio web de conformidad con el Real Decreto 1112\/2018, de 7 de septiembre, sobre accesibilidad de los sitios web y aplicaciones para dispositivos m\u00f3viles del sector p\u00fablico. La presente declaraci\u00f3n de accesibilidad se aplica al sitio [&hellip;]","og_url":"https:\/\/filmotecacantabria.es\/es\/accesibilidad\/","og_site_name":"Filmoteca de Cantabria Mario Camus | Santander | Torrelavega | Regi\u00f3n","article_modified_time":"2026-03-27T12:12:19+00:00","twitter_card":"summary_large_image","twitter_misc":{"Tiempo de lectura":"3 minutos"},"schema":{"@context":"https:\/\/schema.org","@graph":[{"@type":"WebPage","@id":"https:\/\/filmotecacantabria.es\/es\/accesibilidad\/","url":"https:\/\/filmotecacantabria.es\/es\/accesibilidad\/","name":"Accesibilidad - Filmoteca de Cantabria Mario Camus | Santander | Torrelavega | Regi\u00f3n","isPartOf":{"@id":"https:\/\/filmotecacantabria.es\/es\/#website"},"datePublished":"2026-03-27T11:36:35+00:00","dateModified":"2026-03-27T12:12:19+00:00","breadcrumb":{"@id":"https:\/\/filmotecacantabria.es\/es\/accesibilidad\/#breadcrumb"},"inLanguage":"es","potentialAction":[{"@type":"ReadAction","target":["https:\/\/filmotecacantabria.es\/es\/accesibilidad\/"]}]},{"@type":"BreadcrumbList","@id":"https:\/\/filmotecacantabria.es\/es\/accesibilidad\/#breadcrumb","itemListElement":[{"@type":"ListItem","position":1,"name":"Portada","item":"https:\/\/filmotecacantabria.es\/es\/inicio\/"},{"@type":"ListItem","position":2,"name":"Accesibilidad"}]},{"@type":"WebSite","@id":"https:\/\/filmotecacantabria.es\/es\/#website","url":"https:\/\/filmotecacantabria.es\/es\/","name":"Filmoteca de Cantabria Mario Camus | Santander | Torrelavega | Regi\u00f3n","description":"Toda la programaci\u00f3n de las filmotecas de Cantabria Mario Camus.","publisher":{"@id":"https:\/\/filmotecacantabria.es\/es\/#organization"},"potentialAction":[{"@type":"SearchAction","target":{"@type":"EntryPoint","urlTemplate":"https:\/\/filmotecacantabria.es\/es\/?s={search_term_string}"},"query-input":"required name=search_term_string"}],"inLanguage":"es"},{"@type":"Organization","@id":"https:\/\/filmotecacantabria.es\/es\/#organization","name":"Filmoteca de Cantabria Mario Camus | Santander | Torrelavega | Regi\u00f3n","url":"https:\/\/filmotecacantabria.es\/es\/","sameAs":[],"logo":{"@type":"ImageObject","inLanguage":"es","@id":"https:\/\/filmotecacantabria.es\/es\/#\/schema\/logo\/image\/","url":"https:\/\/filmotecacantabria.es\/es\/wp-content\/uploads\/2021\/12\/logo-filmoteca-cantabria-1-mario-camus.png","contentUrl":"https:\/\/filmotecacantabria.es\/es\/wp-content\/uploads\/2021\/12\/logo-filmoteca-cantabria-1-mario-camus.png","width":170,"height":183,"caption":"Filmoteca de Cantabria Mario Camus | Santander | Torrelavega | Regi\u00f3n"},"image":{"@id":"https:\/\/filmotecacantabria.es\/es\/#\/schema\/logo\/image\/"}}]}},"_links":{"self":[{"href":"https:\/\/filmotecacantabria.es\/es\/wp-json\/wp\/v2\/pages\/4736"}],"collection":[{"href":"https:\/\/filmotecacantabria.es\/es\/wp-json\/wp\/v2\/pages"}],"about":[{"href":"https:\/\/filmotecacantabria.es\/es\/wp-json\/wp\/v2\/types\/page"}],"author":[{"embeddable":true,"href":"https:\/\/filmotecacantabria.es\/es\/wp-json\/wp\/v2\/users\/4"}],"replies":[{"embeddable":true,"href":"https:\/\/filmotecacantabria.es\/es\/wp-json\/wp\/v2\/comments?post=4736"}],"version-history":[{"count":5,"href":"https:\/\/filmotecacantabria.es\/es\/wp-json\/wp\/v2\/pages\/4736\/revisions"}],"predecessor-version":[{"id":4738,"href":"https:\/\/filmotecacantabria.es\/es\/wp-json\/wp\/v2\/pages\/4736\/revisions\/4738"}],"wp:attachment":[{"href":"https:\/\/filmotecacantabria.es\/es\/wp-json\/wp\/v2\/media?parent=4736"}],"curies":[{"name":"wp","href":"https:\/\/api.w.org\/{rel}","templated":true}]}}